{"id":25,"date":"2022-01-14T12:28:05","date_gmt":"2022-01-14T12:28:05","guid":{"rendered":"https:\/\/tecnilinha.com\/inicio\/?page_id=25"},"modified":"2022-05-06T19:34:39","modified_gmt":"2022-05-06T19:34:39","slug":"about","status":"publish","type":"page","link":"https:\/\/tecnilinha.com\/inicio\/?page_id=25","title":{"rendered":"Sobre N\u00f3s"},"content":{"rendered":"\n<p>Tecnilinha \u00e9 uma empresa detentora do Alvar\u00e1 de Constru\u00e7\u00e3o (IMPIC) n\u00ba 57284, da classe 2, com 20 anos de experi\u00eancia e com provas na \u00e1rea da constru\u00e7\u00e3o civil.<\/p>\n\n\n\n<p>Estamos capacitados para intervir em todo o tipo de espa\u00e7os comerciais ou privados. Efetu\u00e1mos obras desde a sua escava\u00e7\u00e3o at\u00e9 \u00e0 sua conclus\u00e3o, estamos vocacionados tamb\u00e9m para obras de remodela\u00e7\u00e3o e recupera\u00e7\u00e3o de v\u00e1rias lojas, espa\u00e7os comerciais e hoteleiros. Recupera\u00e7\u00e3o de Edif\u00edcios \/ Moradias e qualquer tipo de trabalho relacionado com a Constru\u00e7\u00e3o Civil<\/p>\n\n\n\n<div class=\"wp-block-columns is-layout-flex wp-container-core-columns-is-layout-9d6595d7 wp-block-columns-is-layout-flex\">\n<div class=\"wp-block-column is-layout-flow wp-block-column-is-layout-flow\" style=\"flex-basis:100%\">\n<div class=\"wp-block-group\"><div class=\"wp-block-group__inner-container is-layout-flow wp-block-group-is-layout-flow\">\n<figure class=\"wp-block-gallery aligncenter has-nested-images columns-default is-cropped wp-block-gallery-1 is-layout-flex wp-block-gallery-is-layout-flex\">\n<figure class=\"wp-block-image size-large\"><img loading=\"lazy\" decoding=\"async\" width=\"2300\" height=\"1533\" data-id=\"44\" src=\"https:\/\/tecnilinha.com\/inicio\/wp-content\/uploads\/2022\/01\/tecnilinha-mok-1.jpg\" alt=\"\" class=\"wp-image-44\" srcset=\"https:\/\/tecnilinha.com\/inicio\/wp-content\/uploads\/2022\/01\/tecnilinha-mok-1.jpg 2300w, https:\/\/tecnilinha.com\/inicio\/wp-content\/uploads\/2022\/01\/tecnilinha-mok-1-300x200.jpg 300w, https:\/\/tecnilinha.com\/inicio\/wp-content\/uploads\/2022\/01\/tecnilinha-mok-1-1024x683.jpg 1024w, https:\/\/tecnilinha.com\/inicio\/wp-content\/uploads\/2022\/01\/tecnilinha-mok-1-768x512.jpg 768w, https:\/\/tecnilinha.com\/inicio\/wp-content\/uploads\/2022\/01\/tecnilinha-mok-1-1536x1024.jpg 1536w, https:\/\/tecnilinha.com\/inicio\/wp-content\/uploads\/2022\/01\/tecnilinha-mok-1-2048x1365.jpg 2048w, https:\/\/tecnilinha.com\/inicio\/wp-content\/uploads\/2022\/01\/tecnilinha-mok-1-360x240.jpg 360w\" sizes=\"auto, (max-width: 2300px) 100vw, 2300px\" \/><\/figure>\n<\/figure>\n<\/div><\/div>\n<\/div>\n<\/div>\n","protected":false},"excerpt":{"rendered":"<p>Tecnilinha \u00e9 uma empresa detentora do Alvar\u00e1 de Constru\u00e7\u00e3o (IMPIC) n\u00ba 57284, da classe 2, com 20 anos de experi\u00eancia e com provas na \u00e1rea da constru\u00e7\u00e3o civil. Estamos capacitados para intervir em todo o tipo de espa\u00e7os comerciais ou privados. Efetu\u00e1mos obras desde a sua escava\u00e7\u00e3o at\u00e9 \u00e0 sua conclus\u00e3o, estamos vocacionados tamb\u00e9m para [&hellip;]<\/p>\n","protected":false},"author":1,"featured_media":0,"parent":0,"menu_order":0,"comment_status":"closed","ping_status":"closed","template":"","meta":{"footnotes":""},"class_list":["post-25","page","type-page","status-publish","hentry"],"_links":{"self":[{"href":"https:\/\/tecnilinha.com\/inicio\/index.php?rest_route=\/wp\/v2\/pages\/25","targetHints":{"allow":["GET"]}}],"collection":[{"href":"https:\/\/tecnilinha.com\/inicio\/index.php?rest_route=\/wp\/v2\/pages"}],"about":[{"href":"https:\/\/tecnilinha.com\/inicio\/index.php?rest_route=\/wp\/v2\/types\/page"}],"author":[{"embeddable":true,"href":"https:\/\/tecnilinha.com\/inicio\/index.php?rest_route=\/wp\/v2\/users\/1"}],"replies":[{"embeddable":true,"href":"https:\/\/tecnilinha.com\/inicio\/index.php?rest_route=%2Fwp%2Fv2%2Fcomments&post=25"}],"version-history":[{"count":3,"href":"https:\/\/tecnilinha.com\/inicio\/index.php?rest_route=\/wp\/v2\/pages\/25\/revisions"}],"predecessor-version":[{"id":170,"href":"https:\/\/tecnilinha.com\/inicio\/index.php?rest_route=\/wp\/v2\/pages\/25\/revisions\/170"}],"wp:attachment":[{"href":"https:\/\/tecnilinha.com\/inicio\/index.php?rest_route=%2Fwp%2Fv2%2Fmedia&parent=25"}],"curies":[{"name":"wp","href":"https:\/\/api.w.org\/{rel}","templated":true}]}}