{"id":26,"date":"2022-01-14T12:28:05","date_gmt":"2022-01-14T12:28:05","guid":{"rendered":"https:\/\/tecnilinha.com\/inicio\/?page_id=26"},"modified":"2022-12-16T11:41:54","modified_gmt":"2022-12-16T11:41:54","slug":"home","status":"publish","type":"page","link":"https:\/\/tecnilinha.com\/inicio\/?page_id=26","title":{"rendered":"Bem vindos"},"content":{"rendered":"\n<p>Estamos dispon\u00edveis para realizar o que precisa.<\/p>\n\n\n\n<ul class=\"wp-block-list\">\n<li>Remodela\u00e7\u00f5es<\/li>\n\n\n\n<li>adapta\u00e7\u00e3o de espa\u00e7os,<\/li>\n\n\n\n<li>Lojas comerciais,<\/li>\n\n\n\n<li>Armaz\u00e9ns<\/li>\n\n\n\n<li>Estruturas de Bet\u00e3o Armado<\/li>\n\n\n\n<li>Estradas \/ Arruamentos\u200b\u200b<\/li>\n<\/ul>\n\n\n\n<hr class=\"wp-block-separator has-css-opacity\"\/>\n\n\n\n<div style=\"height:64px\" aria-hidden=\"true\" class=\"wp-block-spacer\"><\/div>\n\n\n\n<p><\/p>\n","protected":false},"excerpt":{"rendered":"<p>Estamos dispon\u00edveis para realizar o que precisa.<\/p>\n","protected":false},"author":1,"featured_media":54,"parent":0,"menu_order":0,"comment_status":"closed","ping_status":"closed","template":"templates\/template-full-width.php","meta":{"footnotes":""},"class_list":["post-26","page","type-page","status-publish","has-post-thumbnail","hentry"],"_links":{"self":[{"href":"https:\/\/tecnilinha.com\/inicio\/index.php?rest_route=\/wp\/v2\/pages\/26","targetHints":{"allow":["GET"]}}],"collection":[{"href":"https:\/\/tecnilinha.com\/inicio\/index.php?rest_route=\/wp\/v2\/pages"}],"about":[{"href":"https:\/\/tecnilinha.com\/inicio\/index.php?rest_route=\/wp\/v2\/types\/page"}],"author":[{"embeddable":true,"href":"https:\/\/tecnilinha.com\/inicio\/index.php?rest_route=\/wp\/v2\/users\/1"}],"replies":[{"embeddable":true,"href":"https:\/\/tecnilinha.com\/inicio\/index.php?rest_route=%2Fwp%2Fv2%2Fcomments&post=26"}],"version-history":[{"count":12,"href":"https:\/\/tecnilinha.com\/inicio\/index.php?rest_route=\/wp\/v2\/pages\/26\/revisions"}],"predecessor-version":[{"id":186,"href":"https:\/\/tecnilinha.com\/inicio\/index.php?rest_route=\/wp\/v2\/pages\/26\/revisions\/186"}],"wp:featuredmedia":[{"embeddable":true,"href":"https:\/\/tecnilinha.com\/inicio\/index.php?rest_route=\/wp\/v2\/media\/54"}],"wp:attachment":[{"href":"https:\/\/tecnilinha.com\/inicio\/index.php?rest_route=%2Fwp%2Fv2%2Fmedia&parent=26"}],"curies":[{"name":"wp","href":"https:\/\/api.w.org\/{rel}","templated":true}]}}